{"id":20922,"date":"2021-11-19T12:04:45","date_gmt":"2021-11-19T12:04:45","guid":{"rendered":"http:\/\/vina-pinteric.si\/?post_type=product&#038;p=20922"},"modified":"2025-06-03T08:13:18","modified_gmt":"2025-06-03T08:13:18","slug":"traminec","status":"publish","type":"product","link":"https:\/\/vina-pinteric.si\/en\/product\/traminec\/","title":{"rendered":"Traminec 2022"},"content":{"rendered":"<p><b>Traminec 2022 &#8211; s<\/b><b>uho, 14 % alkohola<\/b><\/p>\n<p>&nbsp;<\/p>","protected":false},"excerpt":{"rendered":"<p>Sorta Traminec v na\u0161em vinu postre\u017ee z ne\u017eno aromatiko cveto\u010dih vrtnic, se nadaljuje v bogato harmonijo sadnih okusov, ki se prelijejo v polnost in sve\u017eino prezrelih grozdnih jagod traminca.<\/p>\n<p><span class=\"trx_addons_alter_text trx_addons_dark\">2024 &#8211; velika zlata medalja, prvak polsuhih aromati\u010dnih belih vin (Vinis)<\/span><\/p>\n<p><span class=\"trx_addons_alter_text trx_addons_dark\">2024 &#8211; zlata medalja (Festival posavskih vin Sromlje)<\/span><\/p>","protected":false},"featured_media":24087,"template":"","meta":[],"product_brand":[],"product_cat":[246],"product_tag":[],"class_list":{"0":"post-20922","1":"product","2":"type-product","3":"status-publish","4":"has-post-thumbnail","6":"product_cat-bela-vina","8":"first","9":"instock","10":"shipping-taxable","11":"product-type-simple"},"_links":{"self":[{"href":"https:\/\/vina-pinteric.si\/en\/wp-json\/wp\/v2\/product\/20922","targetHints":{"allow":["GET"]}}],"collection":[{"href":"https:\/\/vina-pinteric.si\/en\/wp-json\/wp\/v2\/product"}],"about":[{"href":"https:\/\/vina-pinteric.si\/en\/wp-json\/wp\/v2\/types\/product"}],"wp:featuredmedia":[{"embeddable":true,"href":"https:\/\/vina-pinteric.si\/en\/wp-json\/wp\/v2\/media\/24087"}],"wp:attachment":[{"href":"https:\/\/vina-pinteric.si\/en\/wp-json\/wp\/v2\/media?parent=20922"}],"wp:term":[{"taxonomy":"product_brand","embeddable":true,"href":"https:\/\/vina-pinteric.si\/en\/wp-json\/wp\/v2\/product_brand?post=20922"},{"taxonomy":"product_cat","embeddable":true,"href":"https:\/\/vina-pinteric.si\/en\/wp-json\/wp\/v2\/product_cat?post=20922"},{"taxonomy":"product_tag","embeddable":true,"href":"https:\/\/vina-pinteric.si\/en\/wp-json\/wp\/v2\/product_tag?post=20922"}],"curies":[{"name":"wp","href":"https:\/\/api.w.org\/{rel}","templated":true}]}}