{"id":23274,"date":"2024-09-06T10:04:23","date_gmt":"2024-09-06T10:04:23","guid":{"rendered":"https:\/\/vina-pinteric.si\/?post_type=product&#038;p=23274"},"modified":"2025-06-03T08:12:42","modified_gmt":"2025-06-03T08:12:42","slug":"chardonnay-2022","status":"publish","type":"product","link":"https:\/\/vina-pinteric.si\/en\/product\/chardonnay-2022\/","title":{"rendered":"Chardonnay 2022"},"content":{"rendered":"","protected":false},"excerpt":{"rendered":"<p><b>Chardonnay 2022, 0,75l &#8211; polsladko, 13 % vol.<\/b><\/p>\n<p>Chardonnay; polsladko vino z 32 g\/L ostanka sladkorja.<br \/>\nPolsladki Chardonnay je vino, v katerem zaznate prezrelo grozdje, je zelo polnega okusa z notami suhega sadja. Zaradi visoke stopnje nepovretega sladkorja se bo odli\u010dno podal k manj sladkim sladicam, odli\u010dno pa se bo prilegel tudi pri jedeh eksoti\u010dne kuhinje kot sta azijska in mehi\u0161ka hrana, mo\u010dno za\u010dinjenim in aromati\u010dnim jedem ter sirom.<\/p>\n<p><strong>NAGRADE<\/strong><br \/>\n2023 &#8211; zlata medalja (49. Vino Slovenija Gornja Radgona 2023)<\/p>","protected":false},"featured_media":24089,"template":"","meta":[],"product_brand":[],"product_cat":[247],"product_tag":[],"class_list":{"0":"post-23274","1":"product","2":"type-product","3":"status-publish","4":"has-post-thumbnail","6":"product_cat-rdece-vino","8":"first","9":"instock","10":"shipping-taxable","11":"product-type-simple"},"_links":{"self":[{"href":"https:\/\/vina-pinteric.si\/en\/wp-json\/wp\/v2\/product\/23274","targetHints":{"allow":["GET"]}}],"collection":[{"href":"https:\/\/vina-pinteric.si\/en\/wp-json\/wp\/v2\/product"}],"about":[{"href":"https:\/\/vina-pinteric.si\/en\/wp-json\/wp\/v2\/types\/product"}],"wp:featuredmedia":[{"embeddable":true,"href":"https:\/\/vina-pinteric.si\/en\/wp-json\/wp\/v2\/media\/24089"}],"wp:attachment":[{"href":"https:\/\/vina-pinteric.si\/en\/wp-json\/wp\/v2\/media?parent=23274"}],"wp:term":[{"taxonomy":"product_brand","embeddable":true,"href":"https:\/\/vina-pinteric.si\/en\/wp-json\/wp\/v2\/product_brand?post=23274"},{"taxonomy":"product_cat","embeddable":true,"href":"https:\/\/vina-pinteric.si\/en\/wp-json\/wp\/v2\/product_cat?post=23274"},{"taxonomy":"product_tag","embeddable":true,"href":"https:\/\/vina-pinteric.si\/en\/wp-json\/wp\/v2\/product_tag?post=23274"}],"curies":[{"name":"wp","href":"https:\/\/api.w.org\/{rel}","templated":true}]}}